{"id":92,"date":"2026-03-01T11:42:35","date_gmt":"2026-03-01T11:42:35","guid":{"rendered":"http:\/\/greenly-demo.pbminfotech.com\/elementor-site7\/?page_id=10643"},"modified":"2026-03-02T23:45:51","modified_gmt":"2026-03-02T23:45:51","slug":"hizmetlerimiz","status":"publish","type":"page","link":"https:\/\/bisg24-solarenergy.com\/?page_id=92","title":{"rendered":"Hizmetlerimiz"},"content":{"rendered":"\t\t<div data-elementor-type=\"wp-page\" data-elementor-id=\"92\" class=\"elementor elementor-92\">\n\t\t\t\t\t\t<section class=\"elementor-section elementor-top-section elementor-element elementor-element-1ca7f387 cspt-bg-color-yes cspt-elementor-bg-color-light elementor-section-stretched cspt-col-stretched-none cspt-bg-color-over-image elementor-section-boxed elementor-section-height-default elementor-section-height-default\" data-id=\"1ca7f387\" data-element_type=\"section\" data-e-type=\"section\" data-settings=\"{&quot;stretch_section&quot;:&quot;section-stretched&quot;}\">\n\t\t\t\t\t\t<div class=\"elementor-container elementor-column-gap-no\">\n\t\t\t\t\t<div class=\"elementor-column elementor-col-100 elementor-top-column elementor-element elementor-element-46c39b33 cspt-bg-color-over-image\" data-id=\"46c39b33\" data-element_type=\"column\" data-e-type=\"column\">\n\t\t\t<div class=\"elementor-widget-wrap elementor-element-populated\">\n\t\t\t\t\t\t<div class=\"elementor-element elementor-element-78ab6612 elementor-widget elementor-widget-cspt_service_element\" data-id=\"78ab6612\" data-element_type=\"widget\" data-e-type=\"widget\" data-widget_type=\"cspt_service_element.default\">\n\t\t\t\t<div class=\"elementor-widget-container\">\n\t\t\t\t\t\r\n\t\t<div class=\"creativesplanet-element creativesplanet-element-service cspt-element-service-style-5 creativesplanet-element-viewtype-row-column creativesplanet-gap-30px\" data-show=\"9\" data-columns=\"3\" data-loop=\"false\" data-autoplay=\"false\" data-center=\"false\" data-nav=\"false\" data-dots=\"false\" data-autoplayspeed=\"1000\" data-margin=\"30px\"><div class=\"creativesplanet-element-inner\">\r\n\t\t\t\t\t\t\t\t<div class=\"cspt-ele-header-area\">\r\n\t\t\t\t\t<div class=\"cspt-heading-subheading left-align \"><\/div>\r\n\t\t\t\t\r\n\t\t\t<\/div>\r\n\t\t\t\t\t\t\r\n\t\t\t\t\r\n\t\t\t<div class=\"cspt-element-posts-wrapper row multi-columns-row\">\r\n\r\n\t\t\t<div class=\"cspt-ele cspt-service-ele col-md-4 solar-enerji cspt-term-23\"><article class=\"creativesplanet-ele creativesplanet-ele-service cspt-service-style-5\">\r\n\t<div class=\"creativesplanet-post-item\">\r\n\t\t<div class=\"cspt-featured-wrapper\"><a href=\"https:\/\/bisg24-solarenergy.com\/?cspt-service=enerji-verimliligi-danismanligi\"><img fetchpriority=\"high\" decoding=\"async\" width=\"740\" height=\"940\" src=\"https:\/\/bisg24-solarenergy.com\/wp-content\/uploads\/2026\/03\/enerji-verimliligi-danismanligi-740x940.jpg\" class=\"attachment-cspt-img-740x940 size-cspt-img-740x940 wp-post-image\" alt=\"\" \/><\/a><\/div>\t\t<div class=\"creativesplanet-box-content\">\r\n            \t<div class=\"creativesplanet-box-content-inner\">\r\n\t\t\t\t    <div class=\"cspt-service-wrap\">\r\n\t\t\t\t\t\t<div class=\"cspt-service-icon-wrapper\">\r\n\t\t\t\t\t\t\t<i class=\"cspt-greenly-icon cspt-greenly-icon-sun\"><\/i>\t\t\t\t\t\t<\/div>\r\n\t                \t<h3 class=\"cspt-service-title\"><a href=\"https:\/\/bisg24-solarenergy.com\/?cspt-service=enerji-verimliligi-danismanligi\">Enerji Verimlili\u011fi Dan\u0131\u015fmanl\u0131\u011f\u0131<\/a><\/h3>\r\n\t                 <\/div>\r\n            \t<\/div>\r\n\t\t<\/div>\r\n\t<\/div>\r\n<\/article>\r\n\r\n<\/div><div class=\"cspt-ele cspt-service-ele col-md-4 solar-enerji cspt-term-23\"><article class=\"creativesplanet-ele creativesplanet-ele-service cspt-service-style-5\">\r\n\t<div class=\"creativesplanet-post-item\">\r\n\t\t<div class=\"cspt-featured-wrapper\"><a href=\"https:\/\/bisg24-solarenergy.com\/?cspt-service=anahtar-teslim-solar-cozumler\"><img decoding=\"async\" width=\"740\" height=\"940\" src=\"https:\/\/bisg24-solarenergy.com\/wp-content\/uploads\/2026\/03\/WhatsApp-Image-2026-03-06-at-16.52.01-1-e1773411674329-740x940.jpeg\" class=\"attachment-cspt-img-740x940 size-cspt-img-740x940 wp-post-image\" alt=\"\" \/><\/a><\/div>\t\t<div class=\"creativesplanet-box-content\">\r\n            \t<div class=\"creativesplanet-box-content-inner\">\r\n\t\t\t\t    <div class=\"cspt-service-wrap\">\r\n\t\t\t\t\t\t<div class=\"cspt-service-icon-wrapper\">\r\n\t\t\t\t\t\t\t<i class=\"cspt-greenly-icon cspt-greenly-icon-sun\"><\/i>\t\t\t\t\t\t<\/div>\r\n\t                \t<h3 class=\"cspt-service-title\"><a href=\"https:\/\/bisg24-solarenergy.com\/?cspt-service=anahtar-teslim-solar-cozumler\">Anahtar Teslim Solar \u00c7\u00f6z\u00fcmler<\/a><\/h3>\r\n\t                 <\/div>\r\n            \t<\/div>\r\n\t\t<\/div>\r\n\t<\/div>\r\n<\/article>\r\n\r\n<\/div><div class=\"cspt-ele cspt-service-ele col-md-4 solar-enerji cspt-term-23\"><article class=\"creativesplanet-ele creativesplanet-ele-service cspt-service-style-5\">\r\n\t<div class=\"creativesplanet-post-item\">\r\n\t\t<div class=\"cspt-featured-wrapper\"><a href=\"https:\/\/bisg24-solarenergy.com\/?cspt-service=gunes-enerjisi-sistem-kurulumu\"><img decoding=\"async\" width=\"740\" height=\"940\" src=\"https:\/\/bisg24-solarenergy.com\/wp-content\/uploads\/2026\/03\/gunes-enerjisi-sistem-kurulumu-740x940.jpg\" class=\"attachment-cspt-img-740x940 size-cspt-img-740x940 wp-post-image\" alt=\"\" \/><\/a><\/div>\t\t<div class=\"creativesplanet-box-content\">\r\n            \t<div class=\"creativesplanet-box-content-inner\">\r\n\t\t\t\t    <div class=\"cspt-service-wrap\">\r\n\t\t\t\t\t\t<div class=\"cspt-service-icon-wrapper\">\r\n\t\t\t\t\t\t\t<i class=\"cspt-greenly-icon cspt-greenly-icon-sun\"><\/i>\t\t\t\t\t\t<\/div>\r\n\t                \t<h3 class=\"cspt-service-title\"><a href=\"https:\/\/bisg24-solarenergy.com\/?cspt-service=gunes-enerjisi-sistem-kurulumu\">G\u00fcne\u015f Enerjisi Sistem Kurulumu<\/a><\/h3>\r\n\t                 <\/div>\r\n            \t<\/div>\r\n\t\t<\/div>\r\n\t<\/div>\r\n<\/article>\r\n\r\n<\/div><div class=\"cspt-ele cspt-service-ele col-md-4 \"><article class=\"creativesplanet-ele creativesplanet-ele-service cspt-service-style-5\">\r\n\t<div class=\"creativesplanet-post-item\">\r\n\t\t<div class=\"cspt-featured-wrapper\"><a href=\"https:\/\/bisg24-solarenergy.com\/?cspt-service=projelendirme-ve-muhendislik\"><img loading=\"lazy\" decoding=\"async\" width=\"740\" height=\"940\" src=\"https:\/\/bisg24-solarenergy.com\/wp-content\/uploads\/2019\/06\/img-05-740x940.jpg\" class=\"attachment-cspt-img-740x940 size-cspt-img-740x940 wp-post-image\" alt=\"\" \/><\/a><\/div>\t\t<div class=\"creativesplanet-box-content\">\r\n            \t<div class=\"creativesplanet-box-content-inner\">\r\n\t\t\t\t    <div class=\"cspt-service-wrap\">\r\n\t\t\t\t\t\t<div class=\"cspt-service-icon-wrapper\">\r\n\t\t\t\t\t\t\t<i class=\"cspt-greenly-icon cspt-greenly-icon-sun\"><\/i>\t\t\t\t\t\t<\/div>\r\n\t                \t<h3 class=\"cspt-service-title\"><a href=\"https:\/\/bisg24-solarenergy.com\/?cspt-service=projelendirme-ve-muhendislik\">Projelendirme ve m\u00fchendislik<\/a><\/h3>\r\n\t                 <\/div>\r\n            \t<\/div>\r\n\t\t<\/div>\r\n\t<\/div>\r\n<\/article>\r\n\r\n<\/div>\r\n\t\t\t<\/div>\r\n\r\n\t\t\t\r\n\t\t\r\n\t\t<\/div><!-- .creativesplanet-element-inner -->   <\/div><!-- .creativesplanet-element -->  \r\n\t    \t\t\t\t<\/div>\n\t\t\t\t<\/div>\n\t\t\t\t\t<\/div>\n\t\t<\/div>\n\t\t\t\t\t<\/div>\n\t\t<\/section>\n\t\t\t\t<\/div>\n\t\t","protected":false},"excerpt":{"rendered":"<p>Technical Services Energy panels Wind Generators Solar As A Service Solar PV Systems Inspection Checklist Solar Technology Energy Manufacture Solar Equipment<\/p>\n","protected":false},"author":1,"featured_media":0,"parent":0,"menu_order":18,"comment_status":"closed","ping_status":"closed","template":"","meta":{"footnotes":""},"class_list":["post-92","page","type-page","status-publish","hentry"],"_links":{"self":[{"href":"https:\/\/bisg24-solarenergy.com\/index.php?rest_route=\/wp\/v2\/pages\/92","targetHints":{"allow":["GET"]}}],"collection":[{"href":"https:\/\/bisg24-solarenergy.com\/index.php?rest_route=\/wp\/v2\/pages"}],"about":[{"href":"https:\/\/bisg24-solarenergy.com\/index.php?rest_route=\/wp\/v2\/types\/page"}],"author":[{"embeddable":true,"href":"https:\/\/bisg24-solarenergy.com\/index.php?rest_route=\/wp\/v2\/users\/1"}],"replies":[{"embeddable":true,"href":"https:\/\/bisg24-solarenergy.com\/index.php?rest_route=%2Fwp%2Fv2%2Fcomments&post=92"}],"version-history":[{"count":1,"href":"https:\/\/bisg24-solarenergy.com\/index.php?rest_route=\/wp\/v2\/pages\/92\/revisions"}],"predecessor-version":[{"id":292,"href":"https:\/\/bisg24-solarenergy.com\/index.php?rest_route=\/wp\/v2\/pages\/92\/revisions\/292"}],"wp:attachment":[{"href":"https:\/\/bisg24-solarenergy.com\/index.php?rest_route=%2Fwp%2Fv2%2Fmedia&parent=92"}],"curies":[{"name":"wp","href":"https:\/\/api.w.org\/{rel}","templated":true}]}}