{"id":89,"date":"2022-04-01T11:46:51","date_gmt":"2022-04-01T11:46:51","guid":{"rendered":"http:\/\/greenly-demo.pbminfotech.com\/elementor-site7\/?page_id=10664"},"modified":"2026-03-02T23:48:32","modified_gmt":"2026-03-02T23:48:32","slug":"blog","status":"publish","type":"page","link":"https:\/\/bisg24-solarenergy.com\/?page_id=89","title":{"rendered":"Blog"},"content":{"rendered":"\t\t<div data-elementor-type=\"wp-page\" data-elementor-id=\"89\" class=\"elementor elementor-89\">\n\t\t\t\t\t\t<section class=\"elementor-section elementor-top-section elementor-element elementor-element-74936d65 cspt-bg-color-yes cspt-elementor-bg-color-white cspt-col-stretched-none cspt-bg-color-over-image elementor-section-boxed elementor-section-height-default elementor-section-height-default\" data-id=\"74936d65\" data-element_type=\"section\" data-e-type=\"section\">\n\t\t\t\t\t\t<div class=\"elementor-container elementor-column-gap-default\">\n\t\t\t\t\t<div class=\"elementor-column elementor-col-100 elementor-top-column elementor-element elementor-element-71bd8110 cspt-bg-color-over-image\" data-id=\"71bd8110\" data-element_type=\"column\" data-e-type=\"column\">\n\t\t\t<div class=\"elementor-widget-wrap elementor-element-populated\">\n\t\t\t\t\t\t<div class=\"elementor-element elementor-element-4cd6c942 elementor-widget elementor-widget-cspt_blog_element\" data-id=\"4cd6c942\" data-element_type=\"widget\" data-e-type=\"widget\" data-widget_type=\"cspt_blog_element.default\">\n\t\t\t\t<div class=\"elementor-widget-container\">\n\t\t\t\t\t\r\n\t\t<div class=\"creativesplanet-element creativesplanet-element-blog cspt-element-blog-style-1 creativesplanet-element-viewtype-row-column creativesplanet-gap-30px\" data-show=\"12\" data-columns=\"3\" data-loop=\"false\" data-autoplay=\"false\" data-center=\"false\" data-nav=\"false\" data-dots=\"false\" data-autoplayspeed=\"1000\" data-margin=\"30px\"><div class=\"creativesplanet-element-inner\">\r\n\t\t\r\n\t\t\t<div class=\"cspt-ele-header-area\">\r\n\t\t\t\t\t<div class=\"cspt-heading-subheading left-align \"><\/div>\r\n\t\t\t\t\r\n\t\t\t<\/div>\r\n\r\n\t\t\t<div class=\"cspt-element-posts-wrapper row multi-columns-row\">\r\n\r\n\t\t\t<div class=\"cspt-ele cspt-blog-ele col-md-4 solar-enerji cspt-term-25\"><article class=\"creativesplanet-ele creativesplanet-ele-blog cspt-blogbox-style-1 post-346 post type-post status-publish format-standard has-post-thumbnail hentry category-solar-enerji\">\r\n\t<div class=\"post-item\">\r\n\t\t<div class=\"cspt-featured-container\">\r\n\t\t\t<div class=\"cspt-featured-wrapper\"><a href=\"https:\/\/bisg24-solarenergy.com\/?p=346\"><img fetchpriority=\"high\" decoding=\"async\" width=\"770\" height=\"500\" src=\"https:\/\/bisg24-solarenergy.com\/wp-content\/uploads\/2026\/03\/gunes-enerji-sistemi-tarimda-770x500.jpg\" class=\"attachment-cspt-img-770x500 size-cspt-img-770x500 wp-post-image\" alt=\"\" \/><\/a><\/div>\t\t\t\r\n\t\t<\/div>\r\n\t\t<div class=\"creativesplanet-box-content\">\t\r\n\t\t\t<div class=\"cspt-meta-container\">\r\n\t\t\t\t<div class=\"cspt-meta-date-wrapper cspt-meta-line\">\t\t\t\t\t\r\n\t\t\t\t\t<div class=\"cspt-meta-date\">04 Mar, 2026<\/div>\r\n\t\t\t\t<\/div>\r\n\t\t\t\t\t\t\t\t<div class=\"cspt-meta-category-wrapper cspt-meta-line\">\t\t\t\t\t\r\n\t\t\t\t\t<div class=\"cspt-meta-category\"><a href=\"https:\/\/bisg24-solarenergy.com\/?cat=25\" rel=\"category\">Solar Enerji<\/a><\/div>\r\n\t\t\t\t<\/div>\r\n\t\t\t\t\t\t\t<\/div>\r\n\t\t\t<h3 class=\"cspt-post-title\"><a href=\"https:\/\/bisg24-solarenergy.com\/?p=346\">Tar\u0131msal Sulamada G\u00fcne\u015f Enerjisi<\/a><\/h3>\r\n\t\t\t<div class=\"creativesplanet-box-desc\">\r\n\t\t\t\t<div class=\"creativesplanet-box-desc-footer\">\r\n\t\t\t\t\t<div class=\"cspt-read-more-link\">\r\n\t\t\t\t\t\t<a href=\"https:\/\/bisg24-solarenergy.com\/?p=346\">Read More<\/a>\r\n\t\t\t\t\t<\/div>\r\n\t\t\t\t<\/div>\r\n\t\t\t<\/div>\r\n\t\t<\/div>\r\n\t<\/div>\r\n<\/article><\/div><div class=\"cspt-ele cspt-blog-ele col-md-4 solar-enerji cspt-term-25\"><article class=\"creativesplanet-ele creativesplanet-ele-blog cspt-blogbox-style-1 post-343 post type-post status-publish format-standard has-post-thumbnail hentry category-solar-enerji\">\r\n\t<div class=\"post-item\">\r\n\t\t<div class=\"cspt-featured-container\">\r\n\t\t\t<div class=\"cspt-featured-wrapper\"><a href=\"https:\/\/bisg24-solarenergy.com\/?p=343\"><img decoding=\"async\" width=\"770\" height=\"500\" src=\"https:\/\/bisg24-solarenergy.com\/wp-content\/uploads\/2026\/03\/tier-1-panel-770x500.jpg\" class=\"attachment-cspt-img-770x500 size-cspt-img-770x500 wp-post-image\" alt=\"\" \/><\/a><\/div>\t\t\t\r\n\t\t<\/div>\r\n\t\t<div class=\"creativesplanet-box-content\">\t\r\n\t\t\t<div class=\"cspt-meta-container\">\r\n\t\t\t\t<div class=\"cspt-meta-date-wrapper cspt-meta-line\">\t\t\t\t\t\r\n\t\t\t\t\t<div class=\"cspt-meta-date\">04 Mar, 2026<\/div>\r\n\t\t\t\t<\/div>\r\n\t\t\t\t\t\t\t\t<div class=\"cspt-meta-category-wrapper cspt-meta-line\">\t\t\t\t\t\r\n\t\t\t\t\t<div class=\"cspt-meta-category\"><a href=\"https:\/\/bisg24-solarenergy.com\/?cat=25\" rel=\"category\">Solar Enerji<\/a><\/div>\r\n\t\t\t\t<\/div>\r\n\t\t\t\t\t\t\t<\/div>\r\n\t\t\t<h3 class=\"cspt-post-title\"><a href=\"https:\/\/bisg24-solarenergy.com\/?p=343\">Neden Tier-1? Ucuz Panellerin 10 Gizli Tehlikesi<\/a><\/h3>\r\n\t\t\t<div class=\"creativesplanet-box-desc\">\r\n\t\t\t\t<div class=\"creativesplanet-box-desc-footer\">\r\n\t\t\t\t\t<div class=\"cspt-read-more-link\">\r\n\t\t\t\t\t\t<a href=\"https:\/\/bisg24-solarenergy.com\/?p=343\">Read More<\/a>\r\n\t\t\t\t\t<\/div>\r\n\t\t\t\t<\/div>\r\n\t\t\t<\/div>\r\n\t\t<\/div>\r\n\t<\/div>\r\n<\/article><\/div><div class=\"cspt-ele cspt-blog-ele col-md-4 solar-enerji cspt-term-25\"><article class=\"creativesplanet-ele creativesplanet-ele-blog cspt-blogbox-style-1 post-339 post type-post status-publish format-standard has-post-thumbnail hentry category-solar-enerji\">\r\n\t<div class=\"post-item\">\r\n\t\t<div class=\"cspt-featured-container\">\r\n\t\t\t<div class=\"cspt-featured-wrapper\"><a href=\"https:\/\/bisg24-solarenergy.com\/?p=339\"><img decoding=\"async\" width=\"770\" height=\"500\" src=\"https:\/\/bisg24-solarenergy.com\/wp-content\/uploads\/2026\/03\/2026-amortisman-suresi-770x500.jpg\" class=\"attachment-cspt-img-770x500 size-cspt-img-770x500 wp-post-image\" alt=\"\" \/><\/a><\/div>\t\t\t\r\n\t\t<\/div>\r\n\t\t<div class=\"creativesplanet-box-content\">\t\r\n\t\t\t<div class=\"cspt-meta-container\">\r\n\t\t\t\t<div class=\"cspt-meta-date-wrapper cspt-meta-line\">\t\t\t\t\t\r\n\t\t\t\t\t<div class=\"cspt-meta-date\">04 Mar, 2026<\/div>\r\n\t\t\t\t<\/div>\r\n\t\t\t\t\t\t\t\t<div class=\"cspt-meta-category-wrapper cspt-meta-line\">\t\t\t\t\t\r\n\t\t\t\t\t<div class=\"cspt-meta-category\"><a href=\"https:\/\/bisg24-solarenergy.com\/?cat=25\" rel=\"category\">Solar Enerji<\/a><\/div>\r\n\t\t\t\t<\/div>\r\n\t\t\t\t\t\t\t<\/div>\r\n\t\t\t<h3 class=\"cspt-post-title\"><a href=\"https:\/\/bisg24-solarenergy.com\/?p=339\">2026 Y\u0131l\u0131nda G\u00fcne\u015f Paneli Yat\u0131r\u0131m\u0131 Amortisman S\u00fcresi<\/a><\/h3>\r\n\t\t\t<div class=\"creativesplanet-box-desc\">\r\n\t\t\t\t<div class=\"creativesplanet-box-desc-footer\">\r\n\t\t\t\t\t<div class=\"cspt-read-more-link\">\r\n\t\t\t\t\t\t<a href=\"https:\/\/bisg24-solarenergy.com\/?p=339\">Read More<\/a>\r\n\t\t\t\t\t<\/div>\r\n\t\t\t\t<\/div>\r\n\t\t\t<\/div>\r\n\t\t<\/div>\r\n\t<\/div>\r\n<\/article><\/div>\r\n\t\t\t<\/div>\r\n\t\t\t\r\n\t\t\t\r\n\t\t\t\r\n\t\t\r\n\t\t<\/div><!-- .creativesplanet-element-inner -->   <\/div><!-- .creativesplanet-element -->  \r\n\t    \t\t\t\t<\/div>\n\t\t\t\t<\/div>\n\t\t\t\t\t<\/div>\n\t\t<\/div>\n\t\t\t\t\t<\/div>\n\t\t<\/section>\n\t\t\t\t<\/div>\n\t\t","protected":false},"excerpt":{"rendered":"<p>09 Jun, 2019 Solar Pannels Growth of Clean Energy Part of Solution, Not a Problem Read More 23 Jan, 2019 Electricity Metal Roofing: The Best for Solar Panels Read More 22 Jan, 2019 Wind Mill Bill Gates Launches Clean Energy Investment Fund Read More 20 Jan, 2019 Electricity Colgate-Palmolive Renews with Morz in Malaysia Soon Read More 17 Jan, 2019 Electricity 5 energy innovations revolution the developing world Read More[&hellip;]<\/p>\n","protected":false},"author":1,"featured_media":0,"parent":0,"menu_order":21,"comment_status":"closed","ping_status":"closed","template":"","meta":{"footnotes":""},"class_list":["post-89","page","type-page","status-publish","hentry"],"_links":{"self":[{"href":"https:\/\/bisg24-solarenergy.com\/index.php?rest_route=\/wp\/v2\/pages\/89","targetHints":{"allow":["GET"]}}],"collection":[{"href":"https:\/\/bisg24-solarenergy.com\/index.php?rest_route=\/wp\/v2\/pages"}],"about":[{"href":"https:\/\/bisg24-solarenergy.com\/index.php?rest_route=\/wp\/v2\/types\/page"}],"author":[{"embeddable":true,"href":"https:\/\/bisg24-solarenergy.com\/index.php?rest_route=\/wp\/v2\/users\/1"}],"replies":[{"embeddable":true,"href":"https:\/\/bisg24-solarenergy.com\/index.php?rest_route=%2Fwp%2Fv2%2Fcomments&post=89"}],"version-history":[{"count":1,"href":"https:\/\/bisg24-solarenergy.com\/index.php?rest_route=\/wp\/v2\/pages\/89\/revisions"}],"predecessor-version":[{"id":296,"href":"https:\/\/bisg24-solarenergy.com\/index.php?rest_route=\/wp\/v2\/pages\/89\/revisions\/296"}],"wp:attachment":[{"href":"https:\/\/bisg24-solarenergy.com\/index.php?rest_route=%2Fwp%2Fv2%2Fmedia&parent=89"}],"curies":[{"name":"wp","href":"https:\/\/api.w.org\/{rel}","templated":true}]}}