{"id":79,"date":"2026-03-01T09:21:46","date_gmt":"2026-03-01T09:21:46","guid":{"rendered":"https:\/\/greenly-demo.pbminfotech.com\/elementor-datasite\/?page_id=26144"},"modified":"2026-03-02T21:45:32","modified_gmt":"2026-03-02T21:45:32","slug":"hakkimizda","status":"publish","type":"page","link":"https:\/\/bisg24-solarenergy.com\/?page_id=79","title":{"rendered":"Hakk\u0131m\u0131zda"},"content":{"rendered":"\t\t<div data-elementor-type=\"wp-page\" data-elementor-id=\"79\" class=\"elementor elementor-79\">\n\t\t\t\t\t\t<section class=\"elementor-section elementor-top-section elementor-element elementor-element-4ac1e85c cspt-col-stretched-none cspt-bg-color-over-image elementor-section-boxed elementor-section-height-default elementor-section-height-default\" data-id=\"4ac1e85c\" data-element_type=\"section\" data-e-type=\"section\">\n\t\t\t\t\t\t<div class=\"elementor-container elementor-column-gap-default\">\n\t\t\t\t\t<div class=\"elementor-column elementor-col-50 elementor-top-column elementor-element elementor-element-11ae4036 cspt-bg-color-over-image\" data-id=\"11ae4036\" data-element_type=\"column\" data-e-type=\"column\">\n\t\t\t<div class=\"elementor-widget-wrap elementor-element-populated\">\n\t\t\t\t\t\t<div class=\"elementor-element elementor-element-5dc42c6 elementor-widget elementor-widget-image\" data-id=\"5dc42c6\" data-element_type=\"widget\" data-e-type=\"widget\" data-widget_type=\"image.default\">\n\t\t\t\t<div class=\"elementor-widget-container\">\n\t\t\t\t\t\t\t\t\t\t\t\t\t\t\t<img decoding=\"async\" src=\"https:\/\/bisg24-solarenergy.com\/wp-content\/uploads\/2019\/06\/img-05.jpg\" title=\"img-05\" alt=\"img-05\" loading=\"lazy\" \/>\t\t\t\t\t\t\t\t\t\t\t\t\t\t\t<\/div>\n\t\t\t\t<\/div>\n\t\t\t\t\t<\/div>\n\t\t<\/div>\n\t\t\t\t<div class=\"elementor-column elementor-col-50 elementor-top-column elementor-element elementor-element-578dd8ca cspt-bg-color-over-image\" data-id=\"578dd8ca\" data-element_type=\"column\" data-e-type=\"column\">\n\t\t\t<div class=\"elementor-widget-wrap elementor-element-populated\">\n\t\t\t\t\t\t<div class=\"elementor-element elementor-element-1a38c85c elementor-widget elementor-widget-image\" data-id=\"1a38c85c\" data-element_type=\"widget\" data-e-type=\"widget\" data-widget_type=\"image.default\">\n\t\t\t\t<div class=\"elementor-widget-container\">\n\t\t\t\t\t\t\t\t\t\t\t\t\t\t\t<img decoding=\"async\" src=\"https:\/\/bisg24-solarenergy.com\/wp-content\/uploads\/2019\/06\/img-04.jpg\" title=\"img-04\" alt=\"img-04\" loading=\"lazy\" \/>\t\t\t\t\t\t\t\t\t\t\t\t\t\t\t<\/div>\n\t\t\t\t<\/div>\n\t\t\t\t\t<\/div>\n\t\t<\/div>\n\t\t\t\t\t<\/div>\n\t\t<\/section>\n\t\t\t\t<section class=\"elementor-section elementor-top-section elementor-element elementor-element-699b8c80 cspt-col-stretched-none cspt-bg-color-over-image elementor-section-boxed elementor-section-height-default elementor-section-height-default\" data-id=\"699b8c80\" data-element_type=\"section\" data-e-type=\"section\">\n\t\t\t\t\t\t<div class=\"elementor-container elementor-column-gap-no\">\n\t\t\t\t\t<div class=\"elementor-column elementor-col-33 elementor-top-column elementor-element elementor-element-f4fa71a cspt-bg-color-over-image\" data-id=\"f4fa71a\" data-element_type=\"column\" data-e-type=\"column\">\n\t\t\t<div class=\"elementor-widget-wrap elementor-element-populated\">\n\t\t\t\t\t\t<div class=\"elementor-element elementor-element-27abd9eb cspt-align-left elementor-widget elementor-widget-cspt_heading\" data-id=\"27abd9eb\" data-element_type=\"widget\" data-e-type=\"widget\" data-widget_type=\"cspt_heading.default\">\n\t\t\t\t<div class=\"elementor-widget-container\">\n\t\t\t\t\t\t<div class=\"cspt-heading-subheading left-align cspt-reverse-heading-yes\"><h2 class=\"cspt-element-title\">\r\n\t\t\t\r\n\t\t\t\tHakk\u0131m\u0131zda\r\n\t\t\t\r\n\t\t\t<\/h2>\r\n\t\t<\/div>\t\t\t\t<\/div>\n\t\t\t\t<\/div>\n\t\t\t\t\t<\/div>\n\t\t<\/div>\n\t\t\t\t<div class=\"elementor-column elementor-col-33 elementor-top-column elementor-element elementor-element-3e89222e cspt-bg-color-over-image\" data-id=\"3e89222e\" data-element_type=\"column\" data-e-type=\"column\">\n\t\t\t<div class=\"elementor-widget-wrap elementor-element-populated\">\n\t\t\t\t\t\t<div class=\"elementor-element elementor-element-601bf7ad elementor-widget elementor-widget-text-editor\" data-id=\"601bf7ad\" data-element_type=\"widget\" data-e-type=\"widget\" data-widget_type=\"text-editor.default\">\n\t\t\t\t<div class=\"elementor-widget-container\">\n\t\t\t\t\t\t\t\t\t<p data-path-to-node=\"3\"><b data-path-to-node=\"3\" data-index-in-node=\"0\">Bisg24 Solar Energy<\/b>, yenilenebilir enerji sekt\u00f6r\u00fcnde sadece bir teknoloji sa\u011flay\u0131c\u0131s\u0131 de\u011fil, d\u00fcnyay\u0131 daha s\u00fcrd\u00fcr\u00fclebilir bir gelece\u011fe ta\u015f\u0131yan stratejik bir g\u00fc\u00e7 merkezidir. Uluslararas\u0131 ticaret ve yat\u0131r\u0131m d\u00fcnyas\u0131n\u0131n \u00f6nc\u00fc ismi <b data-path-to-node=\"3\" data-index-in-node=\"225\">International Marketing Trading<\/b> \u00e7at\u0131s\u0131 alt\u0131nda faaliyet g\u00f6steren firmam\u0131z, enerji d\u00f6n\u00fc\u015f\u00fcm\u00fcn\u00fc k\u00fcresel bir vizyonla y\u00f6netmektedir. G\u00fcne\u015fin bitmek bilmeyen enerjisini, en ileri m\u00fchendislik disipliniyle birle\u015ftirerek sanayi tesislerinden konutlara kadar her \u00f6l\u00e7ekte y\u00fcksek verimli \u00e7\u00f6z\u00fcmler sunuyoruz.<\/p>\t\t\t\t\t\t\t\t<\/div>\n\t\t\t\t<\/div>\n\t\t\t\t\t<\/div>\n\t\t<\/div>\n\t\t\t\t<div class=\"elementor-column elementor-col-33 elementor-top-column elementor-element elementor-element-60fbf374 cspt-bg-color-over-image\" data-id=\"60fbf374\" data-element_type=\"column\" data-e-type=\"column\">\n\t\t\t<div class=\"elementor-widget-wrap elementor-element-populated\">\n\t\t\t\t\t\t<div class=\"elementor-element elementor-element-5283d03 elementor-widget elementor-widget-text-editor\" data-id=\"5283d03\" data-element_type=\"widget\" data-e-type=\"widget\" data-widget_type=\"text-editor.default\">\n\t\t\t\t<div class=\"elementor-widget-container\">\n\t\t\t\t\t\t\t\t\t<p data-path-to-node=\"4\">Ba\u015fta <b data-path-to-node=\"4\" data-index-in-node=\"6\">Almanya, Hollanda, \u0130spanya ve Portekiz<\/b> gibi enerjide d\u00fcnya devi olan \u00fclkelerdeki stratejik ortakl\u0131klar\u0131m\u0131z sayesinde, projelerimizde yaln\u0131zca <b data-path-to-node=\"4\" data-index-in-node=\"148\">Tier-1<\/b> standartlar\u0131nda paneller ve ekipmanlar kullan\u0131yoruz. Bisg24 olarak biz, bir g\u00fcne\u015f enerjisi projesini sadece panel kurulumu olarak g\u00f6rm\u00fcyoruz; fizibilite a\u015famas\u0131ndan m\u00fchendisli\u011fe, resmi izin s\u00fcre\u00e7lerinden anahtar teslim kuruluma kadar her ad\u0131m\u0131 operasyonel m\u00fckemmeliyet ilkesiyle y\u00f6netiyoruz. \u015eeffaf b\u00fct\u00e7e y\u00f6netimimiz ve Avrupa standartlar\u0131ndaki i\u015f disiplinimizle, yat\u0131r\u0131mc\u0131lar\u0131m\u0131za en y\u00fcksek getiri sim\u00fclasyonlar\u0131n\u0131 ve s\u00fcrd\u00fcr\u00fclebilir enerji ba\u011f\u0131ms\u0131zl\u0131\u011f\u0131n\u0131 sunarak sekt\u00f6rde g\u00fcvenin sars\u0131lmaz adresi olmaya devam ediyoruz.<\/p>\t\t\t\t\t\t\t\t<\/div>\n\t\t\t\t<\/div>\n\t\t\t\t\t<\/div>\n\t\t<\/div>\n\t\t\t\t\t<\/div>\n\t\t<\/section>\n\t\t\t\t<section class=\"elementor-section elementor-top-section elementor-element elementor-element-207ad645 cspt-bg-color-yes cspt-elementor-bg-color-light elementor-section-stretched cspt-col-stretched-none cspt-bg-color-over-image elementor-section-boxed elementor-section-height-default elementor-section-height-default\" data-id=\"207ad645\" data-element_type=\"section\" data-e-type=\"section\" data-settings=\"{&quot;stretch_section&quot;:&quot;section-stretched&quot;}\">\n\t\t\t\t\t\t<div class=\"elementor-container elementor-column-gap-extended\">\n\t\t\t\t\t<div class=\"elementor-column elementor-col-100 elementor-top-column elementor-element elementor-element-53b04ba8 cspt-bg-color-over-image\" data-id=\"53b04ba8\" data-element_type=\"column\" data-e-type=\"column\">\n\t\t\t<div class=\"elementor-widget-wrap elementor-element-populated\">\n\t\t\t\t\t\t<div class=\"elementor-element elementor-element-6f7839d9 cspt-align-center elementor-widget elementor-widget-cspt_multiple_icon_heading\" data-id=\"6f7839d9\" data-element_type=\"widget\" data-e-type=\"widget\" data-widget_type=\"cspt_multiple_icon_heading.default\">\n\t\t\t\t<div class=\"elementor-widget-container\">\n\t\t\t\t\t<div class=\"creativesplanet-element creativesplanet-element-miconheading cspt-element-miconheading-style-1 creativesplanet-element-viewtype-row-column\" data-show=\"3\" data-columns=\"3\" data-loop=\"false\" data-autoplay=\"false\" data-center=\"false\" data-nav=\"false\" data-dots=\"false\" data-autoplayspeed=\"1000\" data-margin=\"\"><div class=\"creativesplanet-element-inner\">\r\n\t\t<div class=\"cspt-ele-header-area\">\r\n\t\t\t\t<div class=\"cspt-heading-subheading center-align cspt-reverse-heading-yes\"><h2 class=\"cspt-element-title\">\r\n\t\t\t\r\n\t\t\t\tFirmam\u0131z Hakk\u0131nda\r\n\t\t\t\r\n\t\t\t<\/h2>\r\n\t\t<\/div>\t\t<\/div>\r\n\r\n\t\t<div class=\"cspt-element-posts-wrapper row multi-columns-row\">\r\n\r\n\t\t<div class=\"cspt-ele cspt-miconheading-ele col-md-4 \"><div class=\"cspt-ihbox cspt-ihbox-style-1\"><div class=\"cspt-ihbox cspt-ihbox-style- \">\r\n\t<div class=\"cspt-ihbox-icon\"><div class=\"cspt-ihbox-icon-wrapper\"><i class=\"cspt-greenly-icon cspt-greenly-icon-windmill\"><\/i><\/div><\/div>\t<div class=\"cspt-ihbox-contents\">\r\n\t\t<h2 class=\"cspt-element-title\">\r\n\t\t\t\t\t\t\t\r\n\t\t\t\t\t\t\t\tMisyonumuz\r\n\t\t\t\t\t\t\t\r\n\t\t\t\t\t\t\t<\/h2>\r\n\t\t\t\t\t\t\t\t\t\t<div class=\"cspt-heading-desc\">G\u00fcne\u015f enerjisini herkes i\u00e7in ula\u015f\u0131labilir ve k\u00e2rl\u0131 bir yat\u0131r\u0131ma d\u00f6n\u00fc\u015ft\u00fcrerek, fosil yak\u0131tlara olan ba\u011f\u0131ml\u0131l\u0131\u011f\u0131 azaltmak ve \u00e7evresel s\u00fcrd\u00fcr\u00fclebilirli\u011fe en y\u00fcksek katk\u0131y\u0131 sa\u011flamakt\u0131r. Bisg24 Solar Energy olarak, k\u00fcresel a\u011f\u0131m\u0131zdan ald\u0131\u011f\u0131m\u0131z g\u00fc\u00e7le, m\u00fc\u015fterilerimize en kaliteli teknolojik altyap\u0131y\u0131 ve m\u00fchendislik \u00e7\u00f6z\u00fcmlerini \"Anahtar Teslim\" modeliyle sunuyor; enerjinin \u00fcretiminden t\u00fcketimine kadar her a\u015famada operasyonel y\u00fckleri \u00fcstlenerek i\u015fletmelerin ve bireylerin ye\u015fil enerji hedeflerine g\u00fcvenle ula\u015fmalar\u0131n\u0131 sa\u011fl\u0131yoruz.<\/div>\t\t\t<\/div><!-- .cspt-ihbox-contents -->\r\n<\/div>\r\n<\/div><\/div><div class=\"cspt-ele cspt-miconheading-ele col-md-4 \"><div class=\"cspt-ihbox cspt-ihbox-style-1\"><div class=\"cspt-ihbox cspt-ihbox-style- \">\r\n\t<div class=\"cspt-ihbox-icon\"><div class=\"cspt-ihbox-icon-wrapper\"><i class=\"cspt-greenly-icon cspt-greenly-icon-greenhouse\"><\/i><\/div><\/div>\t<div class=\"cspt-ihbox-contents\">\r\n\t\t<h2 class=\"cspt-element-title\">\r\n\t\t\t\t\t\t\t\r\n\t\t\t\t\t\t\t\tVizyonumuz\r\n\t\t\t\t\t\t\t\r\n\t\t\t\t\t\t\t<\/h2>\r\n\t\t\t\t\t\t\t\t\t\t<div class=\"cspt-heading-desc\">Yenilenebilir enerji teknolojilerinde k\u00fcresel bir referans noktas\u0131 haline gelerek, enerji d\u00f6n\u00fc\u015f\u00fcm\u00fcne y\u00f6n veren lider markalar aras\u0131nda yer almakt\u0131r. Avrupa'daki g\u00fc\u00e7l\u00fc \u00fcretim ve dan\u0131\u015fmanl\u0131k a\u011f\u0131m\u0131z\u0131 geni\u015fleterek, d\u00fcnyadaki en yeni enerji inovasyonlar\u0131n\u0131 T\u00fcrkiye ve \u00e7evre pazarlara e\u015f zamanl\u0131 olarak sunmay\u0131 hedefliyoruz. Teknolojiyi ve stratejik akl\u0131 kullanarak, gelecek nesillere daha temiz bir d\u00fcnya b\u0131rakmak ad\u0131na enerjinin en saf halini en verimli \u015fekilde y\u00f6neten k\u00fcresel bir enerji akt\u00f6r\u00fc olmay\u0131 ama\u00e7l\u0131yoruz.<\/div>\t\t\t<\/div><!-- .cspt-ihbox-contents -->\r\n<\/div>\r\n<\/div><\/div><div class=\"cspt-ele cspt-miconheading-ele col-md-4 \"><div class=\"cspt-ihbox cspt-ihbox-style-1\"><div class=\"cspt-ihbox cspt-ihbox-style- \">\r\n\t<div class=\"cspt-ihbox-icon\"><div class=\"cspt-ihbox-icon-wrapper\"><i class=\"cspt-greenly-icon cspt-greenly-icon-solar-panel\"><\/i><\/div><\/div>\t<div class=\"cspt-ihbox-contents\">\r\n\t\t<h2 class=\"cspt-element-title\">\r\n\t\t\t\t\t\t\t\r\n\t\t\t\t\t\t\t\tDe\u011ferlerimiz\r\n\t\t\t\t\t\t\t\r\n\t\t\t\t\t\t\t<\/h2>\r\n\t\t\t\t\t\t\t\t\t\t<div class=\"cspt-heading-desc\">Ba\u015far\u0131m\u0131z\u0131n temelinde, Bisg24\u2019\u00fcn sars\u0131lmaz \u015feffafl\u0131k ve stratejik ak\u0131l ilkeleri yatar. T\u00fcm projelerimizde d\u00fcr\u00fcstl\u00fc\u011f\u00fc ve veriye dayal\u0131 g\u00fcveni en b\u00fcy\u00fck sermayemiz olarak g\u00f6r\u00fcyor, etik ticaret anlay\u0131\u015f\u0131m\u0131zdan asla \u00f6d\u00fcn vermiyoruz. M\u00fc\u015fterilerimizin bug\u00fcn\u00fcn\u00fc korurken, gelecek hedeflerine ula\u015fmalar\u0131 i\u00e7in yenilik\u00e7i ve \u00e7\u00f6z\u00fcm odakl\u0131 bir yakla\u015f\u0131m sergiliyoruz. Zaman\u0131n de\u011ferini biliyor; profesyonel i\u015f disiplinimizle her projeyi taahh\u00fct etti\u011fimiz s\u00fcrede ve en y\u00fcksek kalite standartlar\u0131nda teslim ederek s\u00fcrd\u00fcr\u00fclebilir ba\u015far\u0131ya odaklan\u0131yoruz.<\/div>\t\t\t<\/div><!-- .cspt-ihbox-contents -->\r\n<\/div>\r\n<\/div><\/div>\r\n\t\t<\/div>\r\n\r\n\t\t<\/div><!-- .creativesplanet-element-inner -->   <\/div><!-- .creativesplanet-element -->  \t\t\t\t<\/div>\n\t\t\t\t<\/div>\n\t\t\t\t\t<\/div>\n\t\t<\/div>\n\t\t\t\t\t<\/div>\n\t\t<\/section>\n\t\t\t\t<\/div>\n\t\t","protected":false},"excerpt":{"rendered":"<p>Hakk\u0131m\u0131zda Bisg24 Solar Energy, yenilenebilir enerji sekt\u00f6r\u00fcnde sadece bir teknoloji sa\u011flay\u0131c\u0131s\u0131 de\u011fil, d\u00fcnyay\u0131 daha s\u00fcrd\u00fcr\u00fclebilir bir gelece\u011fe ta\u015f\u0131yan stratejik bir g\u00fc\u00e7 merkezidir. Uluslararas\u0131 ticaret ve yat\u0131r\u0131m d\u00fcnyas\u0131n\u0131n \u00f6nc\u00fc ismi International Marketing Trading \u00e7at\u0131s\u0131 alt\u0131nda faaliyet g\u00f6steren firmam\u0131z, enerji d\u00f6n\u00fc\u015f\u00fcm\u00fcn\u00fc k\u00fcresel bir vizyonla y\u00f6netmektedir. G\u00fcne\u015fin bitmek bilmeyen enerjisini, en ileri m\u00fchendislik disipliniyle birle\u015ftirerek sanayi tesislerinden konutlara kadar her \u00f6l\u00e7ekte y\u00fcksek verimli \u00e7\u00f6z\u00fcmler sunuyoruz. Ba\u015fta Almanya, Hollanda, \u0130spanya ve Portekiz gibi enerjide[&hellip;]<\/p>\n","protected":false},"author":1,"featured_media":0,"parent":0,"menu_order":9,"comment_status":"closed","ping_status":"closed","template":"","meta":{"footnotes":""},"class_list":["post-79","page","type-page","status-publish","hentry"],"_links":{"self":[{"href":"https:\/\/bisg24-solarenergy.com\/index.php?rest_route=\/wp\/v2\/pages\/79","targetHints":{"allow":["GET"]}}],"collection":[{"href":"https:\/\/bisg24-solarenergy.com\/index.php?rest_route=\/wp\/v2\/pages"}],"about":[{"href":"https:\/\/bisg24-solarenergy.com\/index.php?rest_route=\/wp\/v2\/types\/page"}],"author":[{"embeddable":true,"href":"https:\/\/bisg24-solarenergy.com\/index.php?rest_route=\/wp\/v2\/users\/1"}],"replies":[{"embeddable":true,"href":"https:\/\/bisg24-solarenergy.com\/index.php?rest_route=%2Fwp%2Fv2%2Fcomments&post=79"}],"version-history":[{"count":4,"href":"https:\/\/bisg24-solarenergy.com\/index.php?rest_route=\/wp\/v2\/pages\/79\/revisions"}],"predecessor-version":[{"id":250,"href":"https:\/\/bisg24-solarenergy.com\/index.php?rest_route=\/wp\/v2\/pages\/79\/revisions\/250"}],"wp:attachment":[{"href":"https:\/\/bisg24-solarenergy.com\/index.php?rest_route=%2Fwp%2Fv2%2Fmedia&parent=79"}],"curies":[{"name":"wp","href":"https:\/\/api.w.org\/{rel}","templated":true}]}}